{"id":97,"date":"2023-09-25T09:13:09","date_gmt":"2023-09-25T09:13:09","guid":{"rendered":"https:\/\/liberatus.penoxmedia.com\/?page_id=97"},"modified":"2025-07-08T13:12:13","modified_gmt":"2025-07-08T11:12:13","slug":"dhollandia-emelohatfalak","status":"publish","type":"page","link":"https:\/\/liberatus.penoxmedia.com\/en\/dhollandia-emelohatfalak\/","title":{"rendered":"Dhollandia tail lifts"},"content":{"rendered":"<div data-elementor-type=\"wp-page\" data-elementor-id=\"97\" class=\"elementor elementor-97\" data-elementor-post-type=\"page\">\n\t\t\t\t\t\t\t<div class=\"elementor-element elementor-element-7cf0a5d e-con-full e-flex e-con e-parent\" data-id=\"7cf0a5d\" data-element_type=\"container\" data-settings=\"{&quot;content_width&quot;:&quot;full&quot;,&quot;background_background&quot;:&quot;classic&quot;}\" data-core-v316-plus=\"true\">\n\t\t\t\t<div class=\"elementor-element elementor-element-3820c78 elementor-widget__width-initial elementor-widget elementor-widget-heading\" data-id=\"3820c78\" data-element_type=\"widget\" data-widget_type=\"heading.default\">\n\t\t\t\t<div class=\"elementor-widget-container\">\n\t\t\t<style>\/*! elementor - v3.16.0 - 20-09-2023 *\/\n.elementor-heading-title{padding:0;margin:0;line-height:1}.elementor-widget-heading .elementor-heading-title[class*=elementor-size-]>a{color:inherit;font-size:inherit;line-height:inherit}.elementor-widget-heading .elementor-heading-title.elementor-size-small{font-size:15px}.elementor-widget-heading .elementor-heading-title.elementor-size-medium{font-size:19px}.elementor-widget-heading .elementor-heading-title.elementor-size-large{font-size:29px}.elementor-widget-heading .elementor-heading-title.elementor-size-xl{font-size:39px}.elementor-widget-heading .elementor-heading-title.elementor-size-xxl{font-size:59px}<\/style><h2 class=\"elementor-heading-title elementor-size-default\">Hollandia<\/h2>\t\t<\/div>\n\t\t\t\t<\/div>\n\t\t\t\t<div class=\"elementor-element elementor-element-5e2a303 elementor-widget__width-initial elementor-widget elementor-widget-heading\" data-id=\"5e2a303\" data-element_type=\"widget\" data-widget_type=\"heading.default\">\n\t\t\t\t<div class=\"elementor-widget-container\">\n\t\t\t<h2 class=\"elementor-heading-title elementor-size-default\">Tail lifts and wheelchair lifts<\/h2>\t\t<\/div>\n\t\t\t\t<\/div>\n\t\t\t\t<\/div>\n\t\t<div class=\"elementor-element elementor-element-28bfde4 e-flex e-con-boxed e-con e-parent\" data-id=\"28bfde4\" data-element_type=\"container\" data-settings=\"{&quot;content_width&quot;:&quot;boxed&quot;}\" data-core-v316-plus=\"true\">\n\t\t\t\t\t<div class=\"e-con-inner\">\n\t\t<div class=\"elementor-element elementor-element-2129164 e-con-full e-flex e-con e-child\" data-id=\"2129164\" data-element_type=\"container\" data-settings=\"{&quot;content_width&quot;:&quot;full&quot;,&quot;background_background&quot;:&quot;classic&quot;}\">\n\t\t<div class=\"elementor-element elementor-element-ba1e677 e-con-full e-flex e-con e-child\" data-id=\"ba1e677\" data-element_type=\"container\" data-settings=\"{&quot;content_width&quot;:&quot;full&quot;}\">\n\t\t\t\t<div class=\"elementor-element elementor-element-44b3860 elementor-widget elementor-widget-text-editor\" data-id=\"44b3860\" data-element_type=\"widget\" data-widget_type=\"text-editor.default\">\n\t\t\t\t<div class=\"elementor-widget-container\">\n\t\t\t<style>\/*! elementor - v3.16.0 - 20-09-2023 *\/\n.elementor-widget-text-editor.elementor-drop-cap-view-stacked .elementor-drop-cap{background-color:#69727d;color:#fff}.elementor-widget-text-editor.elementor-drop-cap-view-framed .elementor-drop-cap{color:#69727d;border:3px solid;background-color:transparent}.elementor-widget-text-editor:not(.elementor-drop-cap-view-default) .elementor-drop-cap{margin-top:8px}.elementor-widget-text-editor:not(.elementor-drop-cap-view-default) .elementor-drop-cap-letter{width:1em;height:1em}.elementor-widget-text-editor .elementor-drop-cap{float:left;text-align:center;line-height:1;font-size:50px}.elementor-widget-text-editor .elementor-drop-cap-letter{display:inline-block}<\/style>\t\t\t\t<p><img loading=\"lazy\" decoding=\"async\" class=\"wp-image-3032 alignleft\" src=\"https:\/\/liberatus.penoxmedia.com\/wp-content\/uploads\/2025\/03\/Logo_global-300x249.jpg\" alt=\"\" width=\"381\" height=\"316\" srcset=\"https:\/\/liberatus.penoxmedia.com\/wp-content\/uploads\/2025\/03\/Logo_global-300x249.jpg 300w, https:\/\/liberatus.penoxmedia.com\/wp-content\/uploads\/2025\/03\/Logo_global-768x636.jpg 768w, https:\/\/liberatus.penoxmedia.com\/wp-content\/uploads\/2025\/03\/Logo_global-14x12.jpg 14w, https:\/\/liberatus.penoxmedia.com\/wp-content\/uploads\/2025\/03\/Logo_global.jpg 950w\" sizes=\"auto, (max-width: 381px) 100vw, 381px\" \/>With its Belgian roots, Dhollandia is the most important player in the global tail lift market, producing more than 95,000 complete tail lifts per year. In addition to its sales statistics, it also owes its prestige to its uniquely wide product range, as Dhollandia offers an exceptionally wide range of products, from wheelchair lifts with a load capacity of 250kg to hydraulic ramps with a load capacity of 16,000kg. The key to success is continuous and tireless product development and innovation, which is naturally combined with a flexible market approach at Dhollandia. With a nationwide service network and factory-trained tail lift installers, our company strives to meet the highest expectations of our customers with a service of a standard befitting the brand name.<\/p><p>You can find out more about our Dhollandia product lines and related services by clicking on the menu items below.<\/p>\t\t\t\t\t\t<\/div>\n\t\t\t\t<\/div>\n\t\t\t\t<\/div>\n\t\t\t\t<div class=\"elementor-element elementor-element-bf58527 elementor-align-center elementor-widget__width-inherit elementor-widget elementor-widget-button\" data-id=\"bf58527\" data-element_type=\"widget\" data-widget_type=\"button.default\">\n\t\t\t\t<div class=\"elementor-widget-container\">\n\t\t\t\t\t<div class=\"elementor-button-wrapper\">\n\t\t\t<a class=\"elementor-button elementor-button-link elementor-size-sm\" href=\"https:\/\/www.dhollandia.com\/HU\/en\/8\/Products\" target=\"_blank\">\n\t\t\t\t\t\t<span class=\"elementor-button-content-wrapper\">\n\t\t\t\t\t\t<span class=\"elementor-button-text\">Dhollandia.com<\/span>\n\t\t<\/span>\n\t\t\t\t\t<\/a>\n\t\t<\/div>\n\t\t\t\t<\/div>\n\t\t\t\t<\/div>\n\t\t\t\t<\/div>\n\t\t\t\t\t<\/div>\n\t\t\t\t<\/div>\n\t\t<div class=\"elementor-element elementor-element-b9a8269 e-flex e-con-boxed e-con e-parent\" data-id=\"b9a8269\" data-element_type=\"container\" data-settings=\"{&quot;content_width&quot;:&quot;boxed&quot;}\" data-core-v316-plus=\"true\">\n\t\t\t\t\t<div class=\"e-con-inner\">\n\t\t<div class=\"elementor-element elementor-element-6ae5e93 e-con-full e-flex e-con e-child\" data-id=\"6ae5e93\" data-element_type=\"container\" data-settings=\"{&quot;content_width&quot;:&quot;full&quot;}\">\n\t\t\t\t<div class=\"elementor-element elementor-element-a983a6f elementor-widget elementor-widget-image\" data-id=\"a983a6f\" data-element_type=\"widget\" data-widget_type=\"image.default\">\n\t\t\t\t<div class=\"elementor-widget-container\">\n\t\t\t<style>\/*! elementor - v3.16.0 - 20-09-2023 *\/\n.elementor-widget-image{text-align:center}.elementor-widget-image a{display:inline-block}.elementor-widget-image a img[src$=\".svg\"]{width:48px}.elementor-widget-image img{vertical-align:middle;display:inline-block}<\/style>\t\t\t\t\t\t\t\t\t\t\t\t\t<a href=\"https:\/\/liberatus.penoxmedia.com\/en\/dhollandia-emelohatfalak1\/\">\n\t\t\t\t\t\t\t<img loading=\"lazy\" decoding=\"async\" width=\"1787\" height=\"1006\" src=\"https:\/\/liberatus.penoxmedia.com\/wp-content\/uploads\/2023\/10\/IMG_1488-FHD-scaled-e1697204377730.jpg\" class=\"attachment-full size-full wp-image-608\" alt=\"\" srcset=\"https:\/\/liberatus.penoxmedia.com\/wp-content\/uploads\/2023\/10\/IMG_1488-FHD-scaled-e1697204377730.jpg 1787w, https:\/\/liberatus.penoxmedia.com\/wp-content\/uploads\/2023\/10\/IMG_1488-FHD-scaled-e1697204377730-300x169.jpg 300w, https:\/\/liberatus.penoxmedia.com\/wp-content\/uploads\/2023\/10\/IMG_1488-FHD-scaled-e1697204377730-1024x576.jpg 1024w, https:\/\/liberatus.penoxmedia.com\/wp-content\/uploads\/2023\/10\/IMG_1488-FHD-scaled-e1697204377730-768x432.jpg 768w, https:\/\/liberatus.penoxmedia.com\/wp-content\/uploads\/2023\/10\/IMG_1488-FHD-scaled-e1697204377730-1536x865.jpg 1536w\" sizes=\"auto, (max-width: 1787px) 100vw, 1787px\" \/>\t\t\t\t\t\t\t\t<\/a>\n\t\t\t\t\t\t\t\t\t\t\t\t\t\t\t<\/div>\n\t\t\t\t<\/div>\n\t\t\t\t<div class=\"elementor-element elementor-element-4eed611 elementor-widget elementor-widget-heading\" data-id=\"4eed611\" data-element_type=\"widget\" data-widget_type=\"heading.default\">\n\t\t\t\t<div class=\"elementor-widget-container\">\n\t\t\t<h2 class=\"elementor-heading-title elementor-size-default\"><a href=\"https:\/\/liberatus.penoxmedia.com\/en\/dhollandia-emelohatfalak1\/\">Dhollandia tail lifts<\/a><\/h2>\t\t<\/div>\n\t\t\t\t<\/div>\n\t\t\t\t<\/div>\n\t\t<div class=\"elementor-element elementor-element-4e90055 e-con-full e-flex e-con e-child\" data-id=\"4e90055\" data-element_type=\"container\" data-settings=\"{&quot;content_width&quot;:&quot;full&quot;}\">\n\t\t\t\t<div class=\"elementor-element elementor-element-f58e03e elementor-widget elementor-widget-image\" data-id=\"f58e03e\" data-element_type=\"widget\" data-widget_type=\"image.default\">\n\t\t\t\t<div class=\"elementor-widget-container\">\n\t\t\t\t\t\t\t\t\t\t\t\t\t\t\t\t<a href=\"https:\/\/liberatus.penoxmedia.com\/en\/dhollandia-kerekesszek-liftek\/\">\n\t\t\t\t\t\t\t<img loading=\"lazy\" decoding=\"async\" width=\"1873\" height=\"1053\" src=\"https:\/\/liberatus.penoxmedia.com\/wp-content\/uploads\/2023\/10\/DSC_0036-scaled-e1697204443903.jpg\" class=\"attachment-full size-full wp-image-609\" alt=\"\" srcset=\"https:\/\/liberatus.penoxmedia.com\/wp-content\/uploads\/2023\/10\/DSC_0036-scaled-e1697204443903.jpg 1873w, https:\/\/liberatus.penoxmedia.com\/wp-content\/uploads\/2023\/10\/DSC_0036-scaled-e1697204443903-300x169.jpg 300w, https:\/\/liberatus.penoxmedia.com\/wp-content\/uploads\/2023\/10\/DSC_0036-scaled-e1697204443903-1024x576.jpg 1024w, https:\/\/liberatus.penoxmedia.com\/wp-content\/uploads\/2023\/10\/DSC_0036-scaled-e1697204443903-768x432.jpg 768w, https:\/\/liberatus.penoxmedia.com\/wp-content\/uploads\/2023\/10\/DSC_0036-scaled-e1697204443903-1536x864.jpg 1536w\" sizes=\"auto, (max-width: 1873px) 100vw, 1873px\" \/>\t\t\t\t\t\t\t\t<\/a>\n\t\t\t\t\t\t\t\t\t\t\t\t\t\t\t<\/div>\n\t\t\t\t<\/div>\n\t\t\t\t<div class=\"elementor-element elementor-element-01f90f7 elementor-widget elementor-widget-heading\" data-id=\"01f90f7\" data-element_type=\"widget\" data-widget_type=\"heading.default\">\n\t\t\t\t<div class=\"elementor-widget-container\">\n\t\t\t<h2 class=\"elementor-heading-title elementor-size-default\"><a href=\"https:\/\/liberatus.penoxmedia.com\/en\/dhollandia-kerekesszek-liftek\/\">Dhollandia wheelchair lifts<\/a><\/h2>\t\t<\/div>\n\t\t\t\t<\/div>\n\t\t\t\t<\/div>\n\t\t<div class=\"elementor-element elementor-element-14b3cdc e-con-full e-flex e-con e-child\" data-id=\"14b3cdc\" data-element_type=\"container\" data-settings=\"{&quot;content_width&quot;:&quot;full&quot;}\">\n\t\t\t\t<div class=\"elementor-element elementor-element-cf4e9bb elementor-widget elementor-widget-image\" data-id=\"cf4e9bb\" data-element_type=\"widget\" data-widget_type=\"image.default\">\n\t\t\t\t<div class=\"elementor-widget-container\">\n\t\t\t\t\t\t\t\t\t\t\t\t\t\t\t\t<a href=\"https:\/\/liberatus.penoxmedia.com\/en\/dhollandia-markaszerviz\/\">\n\t\t\t\t\t\t\t<img loading=\"lazy\" decoding=\"async\" width=\"1024\" height=\"577\" src=\"https:\/\/liberatus.penoxmedia.com\/wp-content\/uploads\/2023\/10\/S.w-3001-e1697204503979-1024x577.jpg\" class=\"attachment-large size-large wp-image-610\" alt=\"\" srcset=\"https:\/\/liberatus.penoxmedia.com\/wp-content\/uploads\/2023\/10\/S.w-3001-e1697204503979-1024x577.jpg 1024w, https:\/\/liberatus.penoxmedia.com\/wp-content\/uploads\/2023\/10\/S.w-3001-e1697204503979-300x169.jpg 300w, https:\/\/liberatus.penoxmedia.com\/wp-content\/uploads\/2023\/10\/S.w-3001-e1697204503979-768x432.jpg 768w, https:\/\/liberatus.penoxmedia.com\/wp-content\/uploads\/2023\/10\/S.w-3001-e1697204503979-1536x865.jpg 1536w, https:\/\/liberatus.penoxmedia.com\/wp-content\/uploads\/2023\/10\/S.w-3001-e1697204503979.jpg 1920w\" sizes=\"auto, (max-width: 1024px) 100vw, 1024px\" \/>\t\t\t\t\t\t\t\t<\/a>\n\t\t\t\t\t\t\t\t\t\t\t\t\t\t\t<\/div>\n\t\t\t\t<\/div>\n\t\t\t\t<div class=\"elementor-element elementor-element-c71eee3 elementor-widget elementor-widget-heading\" data-id=\"c71eee3\" data-element_type=\"widget\" data-widget_type=\"heading.default\">\n\t\t\t\t<div class=\"elementor-widget-container\">\n\t\t\t<h2 class=\"elementor-heading-title elementor-size-default\"><a href=\"https:\/\/liberatus.penoxmedia.com\/en\/dhollandia-markaszerviz\/\">Dhollandia brand service<\/a><\/h2>\t\t<\/div>\n\t\t\t\t<\/div>\n\t\t\t\t<\/div>\n\t\t<div class=\"elementor-element elementor-element-1f4efe7 e-con-full e-flex e-con e-child\" data-id=\"1f4efe7\" data-element_type=\"container\" data-settings=\"{&quot;content_width&quot;:&quot;full&quot;}\">\n\t\t\t\t<div class=\"elementor-element elementor-element-5fb55d7 elementor-widget elementor-widget-image\" data-id=\"5fb55d7\" data-element_type=\"widget\" data-widget_type=\"image.default\">\n\t\t\t\t<div class=\"elementor-widget-container\">\n\t\t\t\t\t\t\t\t\t\t\t\t\t\t\t\t<a href=\"https:\/\/liberatus.penoxmedia.com\/en\/dhollandia-szervizhalozat\/\">\n\t\t\t\t\t\t\t<img loading=\"lazy\" decoding=\"async\" width=\"1024\" height=\"577\" src=\"https:\/\/liberatus.penoxmedia.com\/wp-content\/uploads\/2023\/11\/DH_szerviz_02-e1700132073534-1024x577.jpg\" class=\"attachment-large size-large wp-image-1411\" alt=\"\" srcset=\"https:\/\/liberatus.penoxmedia.com\/wp-content\/uploads\/2023\/11\/DH_szerviz_02-e1700132073534-1024x577.jpg 1024w, https:\/\/liberatus.penoxmedia.com\/wp-content\/uploads\/2023\/11\/DH_szerviz_02-e1700132073534-300x169.jpg 300w, https:\/\/liberatus.penoxmedia.com\/wp-content\/uploads\/2023\/11\/DH_szerviz_02-e1700132073534-768x432.jpg 768w, https:\/\/liberatus.penoxmedia.com\/wp-content\/uploads\/2023\/11\/DH_szerviz_02-e1700132073534-1536x865.jpg 1536w, https:\/\/liberatus.penoxmedia.com\/wp-content\/uploads\/2023\/11\/DH_szerviz_02-e1700132073534.jpg 1920w\" sizes=\"auto, (max-width: 1024px) 100vw, 1024px\" \/>\t\t\t\t\t\t\t\t<\/a>\n\t\t\t\t\t\t\t\t\t\t\t\t\t\t\t<\/div>\n\t\t\t\t<\/div>\n\t\t\t\t<div class=\"elementor-element elementor-element-b28dffe elementor-widget elementor-widget-heading\" data-id=\"b28dffe\" data-element_type=\"widget\" data-widget_type=\"heading.default\">\n\t\t\t\t<div class=\"elementor-widget-container\">\n\t\t\t<h2 class=\"elementor-heading-title elementor-size-default\"><a href=\"https:\/\/liberatus.penoxmedia.com\/en\/dhollandia-szervizhalozat\/\">Dhollandia service network<\/a><\/h2>\t\t<\/div>\n\t\t\t\t<\/div>\n\t\t\t\t<\/div>\n\t\t<div class=\"elementor-element elementor-element-adfccf8 e-con-full e-flex e-con e-child\" data-id=\"adfccf8\" data-element_type=\"container\" data-settings=\"{&quot;content_width&quot;:&quot;full&quot;}\">\n\t\t\t\t<div class=\"elementor-element elementor-element-e5618bc elementor-widget elementor-widget-image\" data-id=\"e5618bc\" data-element_type=\"widget\" data-widget_type=\"image.default\">\n\t\t\t\t<div class=\"elementor-widget-container\">\n\t\t\t\t\t\t\t\t\t\t\t\t\t\t\t\t<a href=\"https:\/\/liberatus.penoxmedia.com\/en\/category\/dhollandia\/\">\n\t\t\t\t\t\t\t<img loading=\"lazy\" decoding=\"async\" width=\"1024\" height=\"561\" src=\"https:\/\/liberatus.penoxmedia.com\/wp-content\/uploads\/2025\/06\/DH-e1751973092347-1024x561.png\" class=\"attachment-large size-large wp-image-3357\" alt=\"\" srcset=\"https:\/\/liberatus.penoxmedia.com\/wp-content\/uploads\/2025\/06\/DH-e1751973092347-1024x561.png 1024w, https:\/\/liberatus.penoxmedia.com\/wp-content\/uploads\/2025\/06\/DH-e1751973092347-300x164.png 300w, https:\/\/liberatus.penoxmedia.com\/wp-content\/uploads\/2025\/06\/DH-e1751973092347-768x421.png 768w, https:\/\/liberatus.penoxmedia.com\/wp-content\/uploads\/2025\/06\/DH-e1751973092347-18x10.png 18w, https:\/\/liberatus.penoxmedia.com\/wp-content\/uploads\/2025\/06\/DH-e1751973092347.png 1536w\" sizes=\"auto, (max-width: 1024px) 100vw, 1024px\" \/>\t\t\t\t\t\t\t\t<\/a>\n\t\t\t\t\t\t\t\t\t\t\t\t\t\t\t<\/div>\n\t\t\t\t<\/div>\n\t\t\t\t<div class=\"elementor-element elementor-element-a707edd elementor-widget elementor-widget-heading\" data-id=\"a707edd\" data-element_type=\"widget\" data-widget_type=\"heading.default\">\n\t\t\t\t<div class=\"elementor-widget-container\">\n\t\t\t<h2 class=\"elementor-heading-title elementor-size-default\"><a href=\"https:\/\/liberatus.penoxmedia.com\/en\/category\/dhollandia\/\">Dhollandia news<\/a><\/h2>\t\t<\/div>\n\t\t\t\t<\/div>\n\t\t\t\t<\/div>\n\t\t<div class=\"elementor-element elementor-element-a000dba e-flex e-con-boxed e-con e-child\" data-id=\"a000dba\" data-element_type=\"container\" data-settings=\"{&quot;content_width&quot;:&quot;boxed&quot;}\">\n\t\t\t\t\t<div class=\"e-con-inner\">\n\t\t<div class=\"elementor-element elementor-element-dacf039 e-flex e-con-boxed e-con e-child\" data-id=\"dacf039\" data-element_type=\"container\" data-settings=\"{&quot;content_width&quot;:&quot;boxed&quot;}\">\n\t\t\t\t\t<div class=\"e-con-inner\">\n\t\t\t\t\t<\/div>\n\t\t\t\t<\/div>\n\t\t\t\t\t<\/div>\n\t\t\t\t<\/div>\n\t\t\t\t\t<\/div>\n\t\t\t\t<\/div>\n\t\t\t\t\t\t\t<\/div>","protected":false},"excerpt":{"rendered":"<p>Dhollandia Emel\u0151h\u00e1tfalak \u00e9s kerekessz\u00e9k liftek A belga gy\u00f6ker\u0171 Dhollandia \u00e9vi t\u00f6bb mint 95.000 db komplett emel\u0151fal gy\u00e1rt\u00e1s\u00e1val a vil\u00e1g emel\u0151h\u00e1tfal piac\u00e1nak legmeghat\u00e1roz\u00f3bb szerepl\u0151je. Tekint\u00e9ly\u00e9t az elad\u00e1si statisztik\u00e1k mellett az egyed\u00fcl\u00e1ll\u00f3an sz\u00e9les term\u00e9kpalett\u00e1j\u00e1nak is k\u00f6sz\u00f6nheti, ugyanis a Dhollandia k\u00edn\u00e1lat\u00e1ban a 250kg teherb\u00edr\u00e1s\u00fa kerekessz\u00e9k liftekt\u0151l a 16000kg terhelhet\u0151s\u00e9g\u0171 hidraulikus r\u00e1mp\u00e1kig kiv\u00e9telesen sok term\u00e9k megtal\u00e1lhat\u00f3. A sikerek kulcsa &hellip;<\/p>\n<p class=\"read-more\"> <a class=\"\" href=\"https:\/\/liberatus.penoxmedia.com\/en\/dhollandia-emelohatfalak\/\"> <span class=\"screen-reader-text\">Dhollandia tail lifts<\/span> Read More &raquo;<\/a><\/p>","protected":false},"author":1,"featured_media":0,"parent":0,"menu_order":0,"comment_status":"closed","ping_status":"closed","template":"","meta":{"site-sidebar-layout":"no-sidebar","site-content-layout":"","ast-site-content-layout":"full-width-container","site-content-style":"default","site-sidebar-style":"default","ast-global-header-display":"","ast-banner-title-visibility":"","ast-main-header-display":"","ast-hfb-above-header-display":"","ast-hfb-below-header-display":"","ast-hfb-mobile-header-display":"","site-post-title":"disabled","ast-breadcrumbs-content":"","ast-featured-img":"disabled","footer-sml-layout":"","theme-transparent-header-meta":"","adv-header-id-meta":"","stick-header-meta":"","header-above-stick-meta":"","header-main-stick-meta":"","header-below-stick-meta":"","astra-migrate-meta-layouts":"","footnotes":""},"class_list":["post-97","page","type-page","status-publish","hentry"],"_links":{"self":[{"href":"https:\/\/liberatus.penoxmedia.com\/en\/wp-json\/wp\/v2\/pages\/97","targetHints":{"allow":["GET"]}}],"collection":[{"href":"https:\/\/liberatus.penoxmedia.com\/en\/wp-json\/wp\/v2\/pages"}],"about":[{"href":"https:\/\/liberatus.penoxmedia.com\/en\/wp-json\/wp\/v2\/types\/page"}],"author":[{"embeddable":true,"href":"https:\/\/liberatus.penoxmedia.com\/en\/wp-json\/wp\/v2\/users\/1"}],"replies":[{"embeddable":true,"href":"https:\/\/liberatus.penoxmedia.com\/en\/wp-json\/wp\/v2\/comments?post=97"}],"version-history":[{"count":85,"href":"https:\/\/liberatus.penoxmedia.com\/en\/wp-json\/wp\/v2\/pages\/97\/revisions"}],"predecessor-version":[{"id":3808,"href":"https:\/\/liberatus.penoxmedia.com\/en\/wp-json\/wp\/v2\/pages\/97\/revisions\/3808"}],"wp:attachment":[{"href":"https:\/\/liberatus.penoxmedia.com\/en\/wp-json\/wp\/v2\/media?parent=97"}],"curies":[{"name":"wp","href":"https:\/\/api.w.org\/{rel}","templated":true}]}}