{"id":83,"date":"2023-09-25T09:11:32","date_gmt":"2023-09-25T09:11:32","guid":{"rendered":"https:\/\/liberatus.penoxmedia.com\/?page_id=83"},"modified":"2025-07-08T13:33:45","modified_gmt":"2025-07-08T11:33:45","slug":"thermo-king-rakterhutok-es-autobusz-klimak","status":"publish","type":"page","link":"https:\/\/liberatus.penoxmedia.com\/en\/thermo-king-rakterhutok-es-autobusz-klimak\/","title":{"rendered":"Thermo King cargo coolers and bus air conditioners"},"content":{"rendered":"<div data-elementor-type=\"wp-page\" data-elementor-id=\"83\" class=\"elementor elementor-83\" data-elementor-post-type=\"page\">\n\t\t\t\t\t\t\t<div class=\"elementor-element elementor-element-2485391 e-con-full e-flex e-con e-parent\" data-id=\"2485391\" data-element_type=\"container\" data-settings=\"{&quot;content_width&quot;:&quot;full&quot;,&quot;background_background&quot;:&quot;classic&quot;}\" data-core-v316-plus=\"true\">\n\t\t\t\t<div class=\"elementor-element elementor-element-bf1fb65 elementor-widget__width-initial elementor-widget elementor-widget-heading\" data-id=\"bf1fb65\" data-element_type=\"widget\" data-widget_type=\"heading.default\">\n\t\t\t\t<div class=\"elementor-widget-container\">\n\t\t\t<style>\/*! elementor - v3.16.0 - 20-09-2023 *\/\n.elementor-heading-title{padding:0;margin:0;line-height:1}.elementor-widget-heading .elementor-heading-title[class*=elementor-size-]>a{color:inherit;font-size:inherit;line-height:inherit}.elementor-widget-heading .elementor-heading-title.elementor-size-small{font-size:15px}.elementor-widget-heading .elementor-heading-title.elementor-size-medium{font-size:19px}.elementor-widget-heading .elementor-heading-title.elementor-size-large{font-size:29px}.elementor-widget-heading .elementor-heading-title.elementor-size-xl{font-size:39px}.elementor-widget-heading .elementor-heading-title.elementor-size-xxl{font-size:59px}<\/style><h2 class=\"elementor-heading-title elementor-size-default\">Thermo King<\/h2>\t\t<\/div>\n\t\t\t\t<\/div>\n\t\t\t\t<div class=\"elementor-element elementor-element-0b26eba elementor-widget__width-initial elementor-widget elementor-widget-heading\" data-id=\"0b26eba\" data-element_type=\"widget\" data-widget_type=\"heading.default\">\n\t\t\t\t<div class=\"elementor-widget-container\">\n\t\t\t<h2 class=\"elementor-heading-title elementor-size-default\">Cargo coolers and bus air conditioners<\/h2>\t\t<\/div>\n\t\t\t\t<\/div>\n\t\t\t\t<\/div>\n\t\t<div class=\"elementor-element elementor-element-607d8b4 e-flex e-con-boxed e-con e-parent\" data-id=\"607d8b4\" data-element_type=\"container\" data-settings=\"{&quot;content_width&quot;:&quot;boxed&quot;}\" data-core-v316-plus=\"true\">\n\t\t\t\t\t<div class=\"e-con-inner\">\n\t\t<div class=\"elementor-element elementor-element-a354f79 e-flex e-con-boxed e-con e-child\" data-id=\"a354f79\" data-element_type=\"container\" data-settings=\"{&quot;content_width&quot;:&quot;boxed&quot;}\">\n\t\t\t\t\t<div class=\"e-con-inner\">\n\t\t<div class=\"elementor-element elementor-element-9d7ca05 e-con-full e-flex e-con e-child\" data-id=\"9d7ca05\" data-element_type=\"container\" data-settings=\"{&quot;content_width&quot;:&quot;full&quot;,&quot;background_background&quot;:&quot;classic&quot;}\">\n\t\t<div class=\"elementor-element elementor-element-b24efba e-con-full e-flex e-con e-child\" data-id=\"b24efba\" data-element_type=\"container\" data-settings=\"{&quot;content_width&quot;:&quot;full&quot;}\">\n\t\t\t\t<div class=\"elementor-element elementor-element-27a6c21 elementor-widget elementor-widget-text-editor\" data-id=\"27a6c21\" data-element_type=\"widget\" data-widget_type=\"text-editor.default\">\n\t\t\t\t<div class=\"elementor-widget-container\">\n\t\t\t<style>\/*! elementor - v3.16.0 - 20-09-2023 *\/\n.elementor-widget-text-editor.elementor-drop-cap-view-stacked .elementor-drop-cap{background-color:#69727d;color:#fff}.elementor-widget-text-editor.elementor-drop-cap-view-framed .elementor-drop-cap{color:#69727d;border:3px solid;background-color:transparent}.elementor-widget-text-editor:not(.elementor-drop-cap-view-default) .elementor-drop-cap{margin-top:8px}.elementor-widget-text-editor:not(.elementor-drop-cap-view-default) .elementor-drop-cap-letter{width:1em;height:1em}.elementor-widget-text-editor .elementor-drop-cap{float:left;text-align:center;line-height:1;font-size:50px}.elementor-widget-text-editor .elementor-drop-cap-letter{display:inline-block}<\/style>\t\t\t\t<p><img loading=\"lazy\" decoding=\"async\" class=\"wp-image-33 alignleft\" src=\"https:\/\/liberatus.penoxmedia.com\/wp-content\/uploads\/2023\/09\/TK_logotype_Black-Wordmark_RGB_HR.webp\" alt=\"\" width=\"252\" height=\"34\" \/>THE <strong>Thermo King<\/strong>, a brand of Trane Technologies, pioneered the first commercial air handling unit in 1938. <strong>temperature control systems<\/strong> in its creation, and has been a world leader ever since <strong>cargo space cooling<\/strong> Today, Thermo King&#039;s products provide solutions for all temperature control needs in vans, trucks, trailers, rail freight, air, sea and intermodal containers. In addition, Thermo King&#039;s HVAC product range (heating, ventilation and air conditioning) is available for buses and a wide range of rail vehicles, including metros, trams and commuter trains. <strong>air conditioning systems<\/strong>In every market around the world, every Thermo King product range is backed by an extensive dealer network, providing expert, factory-backed service and a full range of genuine and competitively priced parts.<\/p><p>Thermo King solutions improve the quality of life by ensuring the quality of the products that matter most to people: from food \u2013 fresh, chilled and frozen \u2013 to pharmaceuticals, chemicals, flowers, computer parts, art and much more. The brand\u2019s refrigeration and temperature control technologies keep these sensitive products at optimal temperatures, regardless of environmental conditions. And heating, ventilation and air conditioning products for passengers in buses and rail vehicles provide a high level of comfort for travelers.<\/p><p>Liberatus Hungary Kft. as the <strong>Thermo King&#039;s Hungarian representative office<\/strong> strives to enhance the reputation of the global brand with high-quality service, a factory-trained repair team, and a significant spare parts inventory.<\/p><p>You can learn more about our Thermo King product lines and related services through the menu items below.<\/p>\t\t\t\t\t\t<\/div>\n\t\t\t\t<\/div>\n\t\t\t\t<div class=\"elementor-element elementor-element-4d6899c elementor-align-center elementor-widget elementor-widget-button\" data-id=\"4d6899c\" data-element_type=\"widget\" data-widget_type=\"button.default\">\n\t\t\t\t<div class=\"elementor-widget-container\">\n\t\t\t\t\t<div class=\"elementor-button-wrapper\">\n\t\t\t<a class=\"elementor-button elementor-button-link elementor-size-sm\" href=\"https:\/\/europe.thermoking.com\/\" target=\"_blank\">\n\t\t\t\t\t\t<span class=\"elementor-button-content-wrapper\">\n\t\t\t\t\t\t<span class=\"elementor-button-text\">Thermo King.com<\/span>\n\t\t<\/span>\n\t\t\t\t\t<\/a>\n\t\t<\/div>\n\t\t\t\t<\/div>\n\t\t\t\t<\/div>\n\t\t\t\t<\/div>\n\t\t\t\t<\/div>\n\t\t\t\t\t<\/div>\n\t\t\t\t<\/div>\n\t\t\t\t\t<\/div>\n\t\t\t\t<\/div>\n\t\t<div class=\"elementor-element elementor-element-69e48ec e-flex e-con-boxed e-con e-parent\" data-id=\"69e48ec\" data-element_type=\"container\" data-settings=\"{&quot;content_width&quot;:&quot;boxed&quot;}\" data-core-v316-plus=\"true\">\n\t\t\t\t\t<div class=\"e-con-inner\">\n\t\t<div class=\"elementor-element elementor-element-9c4a386 e-con-full e-flex e-con e-child\" data-id=\"9c4a386\" data-element_type=\"container\" data-settings=\"{&quot;content_width&quot;:&quot;full&quot;}\">\n\t\t\t\t<div class=\"elementor-element elementor-element-1b41b62 elementor-widget__width-initial elementor-widget elementor-widget-image\" data-id=\"1b41b62\" data-element_type=\"widget\" data-widget_type=\"image.default\">\n\t\t\t\t<div class=\"elementor-widget-container\">\n\t\t\t<style>\/*! elementor - v3.16.0 - 20-09-2023 *\/\n.elementor-widget-image{text-align:center}.elementor-widget-image a{display:inline-block}.elementor-widget-image a img[src$=\".svg\"]{width:48px}.elementor-widget-image img{vertical-align:middle;display:inline-block}<\/style>\t\t\t\t\t\t\t\t\t\t\t\t\t<a href=\"https:\/\/liberatus.penoxmedia.com\/en\/thermo-king-rakterhutok\/\">\n\t\t\t\t\t\t\t<img decoding=\"async\" src=\"https:\/\/liberatus.penoxmedia.com\/wp-content\/uploads\/2024\/08\/Kepernyokep-2024-05-08-163822-e1751874231284.png\" title=\"Screenshot 2024-05-08 163822\" alt=\"K\u00e9perny\u0151k\u00e9p 2024-05-08 163822\" loading=\"lazy\" \/>\t\t\t\t\t\t\t\t<\/a>\n\t\t\t\t\t\t\t\t\t\t\t\t\t\t\t<\/div>\n\t\t\t\t<\/div>\n\t\t\t\t<div class=\"elementor-element elementor-element-fbb00aa elementor-widget elementor-widget-heading\" data-id=\"fbb00aa\" data-element_type=\"widget\" data-widget_type=\"heading.default\">\n\t\t\t\t<div class=\"elementor-widget-container\">\n\t\t\t<h2 class=\"elementor-heading-title elementor-size-default\"><a href=\"https:\/\/liberatus.penoxmedia.com\/en\/thermo-king-rakterhutok\/\">Thermo King - Cargo coolers<\/a><\/h2>\t\t<\/div>\n\t\t\t\t<\/div>\n\t\t\t\t<\/div>\n\t\t<div class=\"elementor-element elementor-element-fe5d253 e-con-full e-flex e-con e-child\" data-id=\"fe5d253\" data-element_type=\"container\" data-settings=\"{&quot;content_width&quot;:&quot;full&quot;}\">\n\t\t\t\t<div class=\"elementor-element elementor-element-5625ee2 elementor-widget elementor-widget-image\" data-id=\"5625ee2\" data-element_type=\"widget\" data-widget_type=\"image.default\">\n\t\t\t\t<div class=\"elementor-widget-container\">\n\t\t\t\t\t\t\t\t\t\t\t\t\t\t\t\t<a href=\"https:\/\/liberatus.penoxmedia.com\/en\/thermo-king-autobusz-es-vasuti-jarmu-legkondicionalok\/\">\n\t\t\t\t\t\t\t<img loading=\"lazy\" decoding=\"async\" width=\"1914\" height=\"1079\" src=\"https:\/\/liberatus.penoxmedia.com\/wp-content\/uploads\/2023\/10\/BUS_01-e1697201743489.jpg\" class=\"attachment-full size-full wp-image-574\" alt=\"\" srcset=\"https:\/\/liberatus.penoxmedia.com\/wp-content\/uploads\/2023\/10\/BUS_01-e1697201743489.jpg 1914w, https:\/\/liberatus.penoxmedia.com\/wp-content\/uploads\/2023\/10\/BUS_01-e1697201743489-300x169.jpg 300w, https:\/\/liberatus.penoxmedia.com\/wp-content\/uploads\/2023\/10\/BUS_01-e1697201743489-1024x577.jpg 1024w, https:\/\/liberatus.penoxmedia.com\/wp-content\/uploads\/2023\/10\/BUS_01-e1697201743489-768x433.jpg 768w, https:\/\/liberatus.penoxmedia.com\/wp-content\/uploads\/2023\/10\/BUS_01-e1697201743489-1536x866.jpg 1536w\" sizes=\"auto, (max-width: 1914px) 100vw, 1914px\" \/>\t\t\t\t\t\t\t\t<\/a>\n\t\t\t\t\t\t\t\t\t\t\t\t\t\t\t<\/div>\n\t\t\t\t<\/div>\n\t\t\t\t<div class=\"elementor-element elementor-element-ccc946c elementor-widget elementor-widget-heading\" data-id=\"ccc946c\" data-element_type=\"widget\" data-widget_type=\"heading.default\">\n\t\t\t\t<div class=\"elementor-widget-container\">\n\t\t\t<h2 class=\"elementor-heading-title elementor-size-default\"><a href=\"https:\/\/liberatus.penoxmedia.com\/en\/thermo-king-autobusz-es-vasuti-jarmu-legkondicionalok\/\">Thermo King bus and rail vehicle air conditioners\n<\/a><\/h2>\t\t<\/div>\n\t\t\t\t<\/div>\n\t\t\t\t<\/div>\n\t\t<div class=\"elementor-element elementor-element-5ffca99 e-con-full e-flex e-con e-child\" data-id=\"5ffca99\" data-element_type=\"container\" data-settings=\"{&quot;content_width&quot;:&quot;full&quot;}\">\n\t\t\t\t<div class=\"elementor-element elementor-element-7ec8184 elementor-widget elementor-widget-image\" data-id=\"7ec8184\" data-element_type=\"widget\" data-widget_type=\"image.default\">\n\t\t\t\t<div class=\"elementor-widget-container\">\n\t\t\t\t\t\t\t\t\t\t\t\t\t\t\t\t<a href=\"https:\/\/liberatus.penoxmedia.com\/en\/thermo-king-kiegeszito-termekek\/\">\n\t\t\t\t\t\t\t<img loading=\"lazy\" decoding=\"async\" width=\"1280\" height=\"720\" src=\"https:\/\/liberatus.penoxmedia.com\/wp-content\/uploads\/2023\/11\/Aftermarket.png\" class=\"attachment-full size-full wp-image-1394\" alt=\"\" srcset=\"https:\/\/liberatus.penoxmedia.com\/wp-content\/uploads\/2023\/11\/Aftermarket.png 1280w, https:\/\/liberatus.penoxmedia.com\/wp-content\/uploads\/2023\/11\/Aftermarket-300x169.png 300w, https:\/\/liberatus.penoxmedia.com\/wp-content\/uploads\/2023\/11\/Aftermarket-1024x576.png 1024w, https:\/\/liberatus.penoxmedia.com\/wp-content\/uploads\/2023\/11\/Aftermarket-768x432.png 768w\" sizes=\"auto, (max-width: 1280px) 100vw, 1280px\" \/>\t\t\t\t\t\t\t\t<\/a>\n\t\t\t\t\t\t\t\t\t\t\t\t\t\t\t<\/div>\n\t\t\t\t<\/div>\n\t\t\t\t<div class=\"elementor-element elementor-element-08f9ee5 elementor-widget elementor-widget-heading\" data-id=\"08f9ee5\" data-element_type=\"widget\" data-widget_type=\"heading.default\">\n\t\t\t\t<div class=\"elementor-widget-container\">\n\t\t\t<h2 class=\"elementor-heading-title elementor-size-default\"><a href=\"https:\/\/liberatus.penoxmedia.com\/en\/thermo-king-kiegeszito-termekek\/\">Thermo King additional products<\/a><\/h2>\t\t<\/div>\n\t\t\t\t<\/div>\n\t\t\t\t<\/div>\n\t\t<div class=\"elementor-element elementor-element-6733908 e-con-full e-flex e-con e-child\" data-id=\"6733908\" data-element_type=\"container\" data-settings=\"{&quot;content_width&quot;:&quot;full&quot;}\">\n\t\t\t\t<div class=\"elementor-element elementor-element-9dff9e3 elementor-widget elementor-widget-image\" data-id=\"9dff9e3\" data-element_type=\"widget\" data-widget_type=\"image.default\">\n\t\t\t\t<div class=\"elementor-widget-container\">\n\t\t\t\t\t\t\t\t\t\t\t\t\t\t\t\t<a href=\"https:\/\/liberatus.penoxmedia.com\/en\/kozponti-markaszerviz\/\">\n\t\t\t\t\t\t\t<img loading=\"lazy\" decoding=\"async\" width=\"1920\" height=\"1081\" src=\"https:\/\/liberatus.penoxmedia.com\/wp-content\/uploads\/2023\/12\/S.w-3117-1-e1702639500636.jpg\" class=\"attachment-full size-full wp-image-1772\" alt=\"\" srcset=\"https:\/\/liberatus.penoxmedia.com\/wp-content\/uploads\/2023\/12\/S.w-3117-1-e1702639500636.jpg 1920w, https:\/\/liberatus.penoxmedia.com\/wp-content\/uploads\/2023\/12\/S.w-3117-1-e1702639500636-300x169.jpg 300w, https:\/\/liberatus.penoxmedia.com\/wp-content\/uploads\/2023\/12\/S.w-3117-1-e1702639500636-1024x577.jpg 1024w, https:\/\/liberatus.penoxmedia.com\/wp-content\/uploads\/2023\/12\/S.w-3117-1-e1702639500636-768x432.jpg 768w, https:\/\/liberatus.penoxmedia.com\/wp-content\/uploads\/2023\/12\/S.w-3117-1-e1702639500636-1536x865.jpg 1536w\" sizes=\"auto, (max-width: 1920px) 100vw, 1920px\" \/>\t\t\t\t\t\t\t\t<\/a>\n\t\t\t\t\t\t\t\t\t\t\t\t\t\t\t<\/div>\n\t\t\t\t<\/div>\n\t\t\t\t<div class=\"elementor-element elementor-element-def6d44 elementor-widget elementor-widget-heading\" data-id=\"def6d44\" data-element_type=\"widget\" data-widget_type=\"heading.default\">\n\t\t\t\t<div class=\"elementor-widget-container\">\n\t\t\t<h2 class=\"elementor-heading-title elementor-size-default\"><a href=\"https:\/\/liberatus.penoxmedia.com\/en\/kozponti-markaszerviz\/\">Thermo King central brand service<\/a><\/h2>\t\t<\/div>\n\t\t\t\t<\/div>\n\t\t\t\t<\/div>\n\t\t<div class=\"elementor-element elementor-element-757d42f e-con-full e-flex e-con e-child\" data-id=\"757d42f\" data-element_type=\"container\" data-settings=\"{&quot;content_width&quot;:&quot;full&quot;}\">\n\t\t\t\t<div class=\"elementor-element elementor-element-d980048 elementor-widget elementor-widget-image\" data-id=\"d980048\" data-element_type=\"widget\" data-widget_type=\"image.default\">\n\t\t\t\t<div class=\"elementor-widget-container\">\n\t\t\t\t\t\t\t\t\t\t\t\t\t\t\t\t<a href=\"https:\/\/liberatus.penoxmedia.com\/en\/thermo-king-szervizhalozat\/\">\n\t\t\t\t\t\t\t<img loading=\"lazy\" decoding=\"async\" width=\"1920\" height=\"838\" src=\"https:\/\/liberatus.penoxmedia.com\/wp-content\/uploads\/2023\/12\/TK_halozat-e1751615464736.jpg\" class=\"attachment-full size-full wp-image-1771\" alt=\"\" srcset=\"https:\/\/liberatus.penoxmedia.com\/wp-content\/uploads\/2023\/12\/TK_halozat-e1751615464736.jpg 1920w, https:\/\/liberatus.penoxmedia.com\/wp-content\/uploads\/2023\/12\/TK_halozat-e1751615464736-300x131.jpg 300w, https:\/\/liberatus.penoxmedia.com\/wp-content\/uploads\/2023\/12\/TK_halozat-e1751615464736-1024x447.jpg 1024w, https:\/\/liberatus.penoxmedia.com\/wp-content\/uploads\/2023\/12\/TK_halozat-e1751615464736-768x335.jpg 768w, https:\/\/liberatus.penoxmedia.com\/wp-content\/uploads\/2023\/12\/TK_halozat-e1751615464736-1536x670.jpg 1536w, https:\/\/liberatus.penoxmedia.com\/wp-content\/uploads\/2023\/12\/TK_halozat-e1751615464736-18x8.jpg 18w\" sizes=\"auto, (max-width: 1920px) 100vw, 1920px\" \/>\t\t\t\t\t\t\t\t<\/a>\n\t\t\t\t\t\t\t\t\t\t\t\t\t\t\t<\/div>\n\t\t\t\t<\/div>\n\t\t\t\t<div class=\"elementor-element elementor-element-4be40f5 elementor-widget elementor-widget-heading\" data-id=\"4be40f5\" data-element_type=\"widget\" data-widget_type=\"heading.default\">\n\t\t\t\t<div class=\"elementor-widget-container\">\n\t\t\t<h2 class=\"elementor-heading-title elementor-size-default\"><a href=\"https:\/\/liberatus.penoxmedia.com\/en\/thermo-king-szervizhalozat\/\">Thermo King service network<\/a><\/h2>\t\t<\/div>\n\t\t\t\t<\/div>\n\t\t\t\t<\/div>\n\t\t<div class=\"elementor-element elementor-element-0fc77bb e-con-full e-flex e-con e-child\" data-id=\"0fc77bb\" data-element_type=\"container\" data-settings=\"{&quot;content_width&quot;:&quot;full&quot;}\">\n\t\t\t\t<div class=\"elementor-element elementor-element-17efe90 elementor-widget elementor-widget-image\" data-id=\"17efe90\" data-element_type=\"widget\" data-widget_type=\"image.default\">\n\t\t\t\t<div class=\"elementor-widget-container\">\n\t\t\t\t\t\t\t\t\t\t\t\t\t\t\t\t<a href=\"https:\/\/liberatus.penoxmedia.com\/en\/category\/thermo-king\/\">\n\t\t\t\t\t\t\t<img loading=\"lazy\" decoding=\"async\" width=\"1024\" height=\"1024\" src=\"https:\/\/liberatus.penoxmedia.com\/wp-content\/uploads\/2025\/06\/TK.png\" class=\"attachment-large size-large wp-image-3356\" alt=\"\" srcset=\"https:\/\/liberatus.penoxmedia.com\/wp-content\/uploads\/2025\/06\/TK.png 1024w, https:\/\/liberatus.penoxmedia.com\/wp-content\/uploads\/2025\/06\/TK-300x300.png 300w, https:\/\/liberatus.penoxmedia.com\/wp-content\/uploads\/2025\/06\/TK-150x150.png 150w, https:\/\/liberatus.penoxmedia.com\/wp-content\/uploads\/2025\/06\/TK-768x768.png 768w, https:\/\/liberatus.penoxmedia.com\/wp-content\/uploads\/2025\/06\/TK-12x12.png 12w\" sizes=\"auto, (max-width: 1024px) 100vw, 1024px\" \/>\t\t\t\t\t\t\t\t<\/a>\n\t\t\t\t\t\t\t\t\t\t\t\t\t\t\t<\/div>\n\t\t\t\t<\/div>\n\t\t\t\t<div class=\"elementor-element elementor-element-945dab1 elementor-widget elementor-widget-heading\" data-id=\"945dab1\" data-element_type=\"widget\" data-widget_type=\"heading.default\">\n\t\t\t\t<div class=\"elementor-widget-container\">\n\t\t\t<h2 class=\"elementor-heading-title elementor-size-default\"><a href=\"https:\/\/liberatus.penoxmedia.com\/en\/category\/thermo-king\/\">Thermo King news<\/a><\/h2>\t\t<\/div>\n\t\t\t\t<\/div>\n\t\t\t\t<\/div>\n\t\t\t\t\t<\/div>\n\t\t\t\t<\/div>\n\t\t\t\t\t\t\t<\/div>","protected":false},"excerpt":{"rendered":"<p>Thermo King Rakt\u00e9rh\u0171t\u0151k \u00e9s aut\u00f3busz kl\u00edm\u00e1k A Thermo King, a Trane Technologies m\u00e1rk\u00e1ja, 1938-ban \u00fatt\u00f6r\u0151 szerepet j\u00e1tszott az \u00e1rufuvaroz\u00e1s els\u0151 h\u0151m\u00e9rs\u00e9klet-szab\u00e1lyoz\u00f3 rendszereinek megalkot\u00e1s\u00e1ban, \u00e9s az\u00f3ta is vil\u00e1gels\u0151 a rakt\u00e9rh\u0171t\u00e9s ipar\u00e1g\u00e1ban. Napjainkban a Thermo King \u00e1ltalt k\u00edn\u00e1lt term\u00e9kek megold\u00e1st ny\u00fajtanak furgonok, teheraut\u00f3k, p\u00f3tkocsik, vas\u00fati \u00e1rusz\u00e1ll\u00edt\u00f3k, l\u00e9gi, tengeri \u00e9s intermod\u00e1lis kont\u00e9nerek minden ig\u00e9nyt kiel\u00e9g\u00edt\u0151 h\u0151m\u00e9rs\u00e9klet-szab\u00e1lyoz\u00e1s\u00e1ra. Mindezen t\u00fal &hellip;<\/p>\n<p class=\"read-more\"> <a class=\"\" href=\"https:\/\/liberatus.penoxmedia.com\/en\/thermo-king-rakterhutok-es-autobusz-klimak\/\"> <span class=\"screen-reader-text\">Thermo King cargo coolers and bus air conditioners<\/span> Read More &raquo;<\/a><\/p>","protected":false},"author":1,"featured_media":0,"parent":0,"menu_order":0,"comment_status":"closed","ping_status":"closed","template":"","meta":{"site-sidebar-layout":"no-sidebar","site-content-layout":"","ast-site-content-layout":"full-width-container","site-content-style":"default","site-sidebar-style":"default","ast-global-header-display":"","ast-banner-title-visibility":"","ast-main-header-display":"","ast-hfb-above-header-display":"","ast-hfb-below-header-display":"","ast-hfb-mobile-header-display":"","site-post-title":"disabled","ast-breadcrumbs-content":"","ast-featured-img":"disabled","footer-sml-layout":"","theme-transparent-header-meta":"","adv-header-id-meta":"","stick-header-meta":"","header-above-stick-meta":"","header-main-stick-meta":"","header-below-stick-meta":"","astra-migrate-meta-layouts":"","footnotes":""},"class_list":["post-83","page","type-page","status-publish","hentry"],"_links":{"self":[{"href":"https:\/\/liberatus.penoxmedia.com\/en\/wp-json\/wp\/v2\/pages\/83","targetHints":{"allow":["GET"]}}],"collection":[{"href":"https:\/\/liberatus.penoxmedia.com\/en\/wp-json\/wp\/v2\/pages"}],"about":[{"href":"https:\/\/liberatus.penoxmedia.com\/en\/wp-json\/wp\/v2\/types\/page"}],"author":[{"embeddable":true,"href":"https:\/\/liberatus.penoxmedia.com\/en\/wp-json\/wp\/v2\/users\/1"}],"replies":[{"embeddable":true,"href":"https:\/\/liberatus.penoxmedia.com\/en\/wp-json\/wp\/v2\/comments?post=83"}],"version-history":[{"count":175,"href":"https:\/\/liberatus.penoxmedia.com\/en\/wp-json\/wp\/v2\/pages\/83\/revisions"}],"predecessor-version":[{"id":3953,"href":"https:\/\/liberatus.penoxmedia.com\/en\/wp-json\/wp\/v2\/pages\/83\/revisions\/3953"}],"wp:attachment":[{"href":"https:\/\/liberatus.penoxmedia.com\/en\/wp-json\/wp\/v2\/media?parent=83"}],"curies":[{"name":"wp","href":"https:\/\/api.w.org\/{rel}","templated":true}]}}