{"id":107,"date":"2023-09-25T09:14:27","date_gmt":"2023-09-25T09:14:27","guid":{"rendered":"https:\/\/liberatus.penoxmedia.com\/?page_id=107"},"modified":"2025-07-08T10:58:32","modified_gmt":"2025-07-08T08:58:32","slug":"jarmu-akadalymentesito-eszkozok","status":"publish","type":"page","link":"https:\/\/liberatus.penoxmedia.com\/en\/jarmu-akadalymentesito-eszkozok\/","title":{"rendered":"AMF-Bruns Vehicle accessibility devices"},"content":{"rendered":"<div data-elementor-type=\"wp-page\" data-elementor-id=\"107\" class=\"elementor elementor-107\" data-elementor-post-type=\"page\">\n\t\t\t\t\t\t\t<div class=\"elementor-element elementor-element-eaa6c6e e-con-full e-flex e-con e-parent\" data-id=\"eaa6c6e\" data-element_type=\"container\" data-settings=\"{&quot;content_width&quot;:&quot;full&quot;,&quot;background_background&quot;:&quot;classic&quot;}\" data-core-v316-plus=\"true\">\n\t\t\t\t<div class=\"elementor-element elementor-element-1d772c1 elementor-widget__width-initial elementor-widget elementor-widget-heading\" data-id=\"1d772c1\" data-element_type=\"widget\" data-widget_type=\"heading.default\">\n\t\t\t\t<div class=\"elementor-widget-container\">\n\t\t\t<style>\/*! elementor - v3.16.0 - 20-09-2023 *\/\n.elementor-heading-title{padding:0;margin:0;line-height:1}.elementor-widget-heading .elementor-heading-title[class*=elementor-size-]>a{color:inherit;font-size:inherit;line-height:inherit}.elementor-widget-heading .elementor-heading-title.elementor-size-small{font-size:15px}.elementor-widget-heading .elementor-heading-title.elementor-size-medium{font-size:19px}.elementor-widget-heading .elementor-heading-title.elementor-size-large{font-size:29px}.elementor-widget-heading .elementor-heading-title.elementor-size-xl{font-size:39px}.elementor-widget-heading .elementor-heading-title.elementor-size-xxl{font-size:59px}<\/style><h2 class=\"elementor-heading-title elementor-size-default\">AMF-Bruns vehicle accessibility devices<\/h2>\t\t<\/div>\n\t\t\t\t<\/div>\n\t\t\t\t<\/div>\n\t\t<div class=\"elementor-element elementor-element-a17a810 e-flex e-con-boxed e-con e-parent\" data-id=\"a17a810\" data-element_type=\"container\" data-settings=\"{&quot;background_background&quot;:&quot;classic&quot;,&quot;content_width&quot;:&quot;boxed&quot;}\" data-core-v316-plus=\"true\">\n\t\t\t\t\t<div class=\"e-con-inner\">\n\t\t\t\t<div class=\"elementor-element elementor-element-2e9cd45 elementor-widget__width-initial elementor-widget elementor-widget-text-editor\" data-id=\"2e9cd45\" data-element_type=\"widget\" data-widget_type=\"text-editor.default\">\n\t\t\t\t<div class=\"elementor-widget-container\">\n\t\t\t<style>\/*! elementor - v3.16.0 - 20-09-2023 *\/\n.elementor-widget-text-editor.elementor-drop-cap-view-stacked .elementor-drop-cap{background-color:#69727d;color:#fff}.elementor-widget-text-editor.elementor-drop-cap-view-framed .elementor-drop-cap{color:#69727d;border:3px solid;background-color:transparent}.elementor-widget-text-editor:not(.elementor-drop-cap-view-default) .elementor-drop-cap{margin-top:8px}.elementor-widget-text-editor:not(.elementor-drop-cap-view-default) .elementor-drop-cap-letter{width:1em;height:1em}.elementor-widget-text-editor .elementor-drop-cap{float:left;text-align:center;line-height:1;font-size:50px}.elementor-widget-text-editor .elementor-drop-cap-letter{display:inline-block}<\/style>\t\t\t\t<p style=\"text-align: left;\"><img loading=\"lazy\" decoding=\"async\" class=\"wp-image-2095 alignleft\" src=\"https:\/\/liberatus.penoxmedia.com\/wp-content\/uploads\/2024\/01\/Kerekesszekes-utas-Dummy-264x300.png\" alt=\"\" width=\"220\" height=\"250\" srcset=\"https:\/\/liberatus.penoxmedia.com\/wp-content\/uploads\/2024\/01\/Kerekesszekes-utas-Dummy-264x300.png 264w, https:\/\/liberatus.penoxmedia.com\/wp-content\/uploads\/2024\/01\/Kerekesszekes-utas-Dummy-11x12.png 11w, https:\/\/liberatus.penoxmedia.com\/wp-content\/uploads\/2024\/01\/Kerekesszekes-utas-Dummy.png 658w\" sizes=\"auto, (max-width: 220px) 100vw, 220px\" \/><\/p><p style=\"text-align: left;\">The German <strong>AMF Bruns<\/strong>, the Belgian <strong>Hollandia<\/strong> as well as Danish <strong>Mobilex<\/strong> With our excellent products behind us, we can offer complete solutions for converting vehicles suitable for wheelchair transport. The product range includes safe and compliant solutions for disabled passengers. <strong>4+3 point wheelchair and passenger restraint systems<\/strong>, <strong>ramps<\/strong> many versions, electro-hydraulic <strong>elevators<\/strong> and lifting equipment, as well as <strong>side steps<\/strong> and speakers. In addition to the distribution and servicing of the above, Liberatus Hungary undertakes the design of the conversion of vehicles equipped with accessibility devices, the installation of the equipment and the necessary vehicle conversion permits.<\/p><p>For more information, please select from the product groups below.<\/p>\t\t\t\t\t\t<\/div>\n\t\t\t\t<\/div>\n\t\t\t\t\t<\/div>\n\t\t\t\t<\/div>\n\t\t<div class=\"elementor-element elementor-element-11a4858 e-flex e-con-boxed e-con e-parent\" data-id=\"11a4858\" data-element_type=\"container\" data-settings=\"{&quot;content_width&quot;:&quot;boxed&quot;}\" data-core-v316-plus=\"true\">\n\t\t\t\t\t<div class=\"e-con-inner\">\n\t\t<div class=\"elementor-element elementor-element-8e95f92 e-con-full e-flex e-con e-child\" data-id=\"8e95f92\" data-element_type=\"container\" data-settings=\"{&quot;content_width&quot;:&quot;full&quot;}\">\n\t\t\t\t<div class=\"elementor-element elementor-element-e7a3b8f elementor-widget elementor-widget-image\" data-id=\"e7a3b8f\" data-element_type=\"widget\" data-widget_type=\"image.default\">\n\t\t\t\t<div class=\"elementor-widget-container\">\n\t\t\t<style>\/*! elementor - v3.16.0 - 20-09-2023 *\/\n.elementor-widget-image{text-align:center}.elementor-widget-image a{display:inline-block}.elementor-widget-image a img[src$=\".svg\"]{width:48px}.elementor-widget-image img{vertical-align:middle;display:inline-block}<\/style>\t\t\t\t\t\t\t\t\t\t\t\t\t<a href=\"https:\/\/liberatus.penoxmedia.com\/en\/amf-bruns-kerekesszek-rogzitok-es-rampak\/\">\n\t\t\t\t\t\t\t<img loading=\"lazy\" decoding=\"async\" width=\"1024\" height=\"575\" src=\"https:\/\/liberatus.penoxmedia.com\/wp-content\/uploads\/2023\/10\/AMF_Pro_01-e1697279611949-1024x575.jpg\" class=\"attachment-large size-large wp-image-622\" alt=\"\" srcset=\"https:\/\/liberatus.penoxmedia.com\/wp-content\/uploads\/2023\/10\/AMF_Pro_01-e1697279611949-1024x575.jpg 1024w, https:\/\/liberatus.penoxmedia.com\/wp-content\/uploads\/2023\/10\/AMF_Pro_01-e1697279611949-300x168.jpg 300w, https:\/\/liberatus.penoxmedia.com\/wp-content\/uploads\/2023\/10\/AMF_Pro_01-e1697279611949-768x431.jpg 768w, https:\/\/liberatus.penoxmedia.com\/wp-content\/uploads\/2023\/10\/AMF_Pro_01-e1697279611949-1536x862.jpg 1536w, https:\/\/liberatus.penoxmedia.com\/wp-content\/uploads\/2023\/10\/AMF_Pro_01-e1697279611949.jpg 1920w\" sizes=\"auto, (max-width: 1024px) 100vw, 1024px\" \/>\t\t\t\t\t\t\t\t<\/a>\n\t\t\t\t\t\t\t\t\t\t\t\t\t\t\t<\/div>\n\t\t\t\t<\/div>\n\t\t\t\t<div class=\"elementor-element elementor-element-bfbb69a elementor-widget elementor-widget-heading\" data-id=\"bfbb69a\" data-element_type=\"widget\" data-widget_type=\"heading.default\">\n\t\t\t\t<div class=\"elementor-widget-container\">\n\t\t\t<h2 class=\"elementor-heading-title elementor-size-default\"><a href=\"https:\/\/liberatus.penoxmedia.com\/en\/amf-bruns-kerekesszek-rogzitok-es-rampak\/\">AMF-Bruns wheelchair mounts and ramps<\/a><\/h2>\t\t<\/div>\n\t\t\t\t<\/div>\n\t\t\t\t<\/div>\n\t\t<div class=\"elementor-element elementor-element-10d7989 e-con-full e-flex e-con e-child\" data-id=\"10d7989\" data-element_type=\"container\" data-settings=\"{&quot;content_width&quot;:&quot;full&quot;}\">\n\t\t\t\t<div class=\"elementor-element elementor-element-21c94f1 elementor-widget elementor-widget-image\" data-id=\"21c94f1\" data-element_type=\"widget\" data-widget_type=\"image.default\">\n\t\t\t\t<div class=\"elementor-widget-container\">\n\t\t\t\t\t\t\t\t\t\t\t\t\t\t\t\t<a href=\"https:\/\/liberatus.penoxmedia.com\/en\/dhollandia-kerekesszek-liftek\/\">\n\t\t\t\t\t\t\t<img loading=\"lazy\" decoding=\"async\" width=\"1873\" height=\"1053\" src=\"https:\/\/liberatus.penoxmedia.com\/wp-content\/uploads\/2023\/10\/DSC_0036-scaled-e1697204443903.jpg\" class=\"attachment-full size-full wp-image-609\" alt=\"\" srcset=\"https:\/\/liberatus.penoxmedia.com\/wp-content\/uploads\/2023\/10\/DSC_0036-scaled-e1697204443903.jpg 1873w, https:\/\/liberatus.penoxmedia.com\/wp-content\/uploads\/2023\/10\/DSC_0036-scaled-e1697204443903-300x169.jpg 300w, https:\/\/liberatus.penoxmedia.com\/wp-content\/uploads\/2023\/10\/DSC_0036-scaled-e1697204443903-1024x576.jpg 1024w, https:\/\/liberatus.penoxmedia.com\/wp-content\/uploads\/2023\/10\/DSC_0036-scaled-e1697204443903-768x432.jpg 768w, https:\/\/liberatus.penoxmedia.com\/wp-content\/uploads\/2023\/10\/DSC_0036-scaled-e1697204443903-1536x864.jpg 1536w\" sizes=\"auto, (max-width: 1873px) 100vw, 1873px\" \/>\t\t\t\t\t\t\t\t<\/a>\n\t\t\t\t\t\t\t\t\t\t\t\t\t\t\t<\/div>\n\t\t\t\t<\/div>\n\t\t\t\t<div class=\"elementor-element elementor-element-03ffe86 elementor-widget elementor-widget-heading\" data-id=\"03ffe86\" data-element_type=\"widget\" data-widget_type=\"heading.default\">\n\t\t\t\t<div class=\"elementor-widget-container\">\n\t\t\t<h2 class=\"elementor-heading-title elementor-size-default\"><a href=\"https:\/\/liberatus.penoxmedia.com\/en\/dhollandia-kerekesszek-liftek\/\">Dhollandia wheelchair lifts<\/a><\/h2>\t\t<\/div>\n\t\t\t\t<\/div>\n\t\t\t\t<\/div>\n\t\t<div class=\"elementor-element elementor-element-8e835d5 e-con-full e-flex e-con e-child\" data-id=\"8e835d5\" data-element_type=\"container\" data-settings=\"{&quot;content_width&quot;:&quot;full&quot;}\">\n\t\t\t\t<div class=\"elementor-element elementor-element-8c63fc0 elementor-widget elementor-widget-image\" data-id=\"8c63fc0\" data-element_type=\"widget\" data-widget_type=\"image.default\">\n\t\t\t\t<div class=\"elementor-widget-container\">\n\t\t\t\t\t\t\t\t\t\t\t\t\t\t\t\t<a href=\"https:\/\/liberatus.penoxmedia.com\/en\/mobilex-kerekesszek-rampak\/\">\n\t\t\t\t\t\t\t<img loading=\"lazy\" decoding=\"async\" width=\"1024\" height=\"576\" src=\"https:\/\/liberatus.penoxmedia.com\/wp-content\/uploads\/2023\/10\/Mobilex_01-1024x576.jpg\" class=\"attachment-large size-large wp-image-624\" alt=\"\" srcset=\"https:\/\/liberatus.penoxmedia.com\/wp-content\/uploads\/2023\/10\/Mobilex_01-1024x576.jpg 1024w, https:\/\/liberatus.penoxmedia.com\/wp-content\/uploads\/2023\/10\/Mobilex_01-300x169.jpg 300w, https:\/\/liberatus.penoxmedia.com\/wp-content\/uploads\/2023\/10\/Mobilex_01-768x432.jpg 768w, https:\/\/liberatus.penoxmedia.com\/wp-content\/uploads\/2023\/10\/Mobilex_01-1536x864.jpg 1536w, https:\/\/liberatus.penoxmedia.com\/wp-content\/uploads\/2023\/10\/Mobilex_01.jpg 1920w\" sizes=\"auto, (max-width: 1024px) 100vw, 1024px\" \/>\t\t\t\t\t\t\t\t<\/a>\n\t\t\t\t\t\t\t\t\t\t\t\t\t\t\t<\/div>\n\t\t\t\t<\/div>\n\t\t\t\t<div class=\"elementor-element elementor-element-89efb91 elementor-widget elementor-widget-heading\" data-id=\"89efb91\" data-element_type=\"widget\" data-widget_type=\"heading.default\">\n\t\t\t\t<div class=\"elementor-widget-container\">\n\t\t\t<h2 class=\"elementor-heading-title elementor-size-default\"><a href=\"https:\/\/liberatus.penoxmedia.com\/en\/mobilex-kerekesszek-rampak\/\">Mobilex wheelchair ramps<\/a><\/h2>\t\t<\/div>\n\t\t\t\t<\/div>\n\t\t\t\t<\/div>\n\t\t<div class=\"elementor-element elementor-element-31149e2 e-con-full e-flex e-con e-child\" data-id=\"31149e2\" data-element_type=\"container\" data-settings=\"{&quot;content_width&quot;:&quot;full&quot;}\">\n\t\t\t\t<div class=\"elementor-element elementor-element-612f556 elementor-widget elementor-widget-image\" data-id=\"612f556\" data-element_type=\"widget\" data-widget_type=\"image.default\">\n\t\t\t\t<div class=\"elementor-widget-container\">\n\t\t\t\t\t\t\t\t\t\t\t\t\t\t\t\t<a href=\"https:\/\/liberatus.penoxmedia.com\/en\/category\/jarmu-akadalymentesito-eszkozok\/\">\n\t\t\t\t\t\t\t<img decoding=\"async\" src=\"https:\/\/liberatus.penoxmedia.com\/wp-content\/uploads\/2025\/07\/hirek.png\" title=\"\" alt=\"\" loading=\"lazy\" \/>\t\t\t\t\t\t\t\t<\/a>\n\t\t\t\t\t\t\t\t\t\t\t\t\t\t\t<\/div>\n\t\t\t\t<\/div>\n\t\t\t\t<div class=\"elementor-element elementor-element-ff603d5 elementor-widget elementor-widget-heading\" data-id=\"ff603d5\" data-element_type=\"widget\" data-widget_type=\"heading.default\">\n\t\t\t\t<div class=\"elementor-widget-container\">\n\t\t\t<h2 class=\"elementor-heading-title elementor-size-default\"><a href=\"https:\/\/liberatus.penoxmedia.com\/en\/category\/jarmu-akadalymentesito-eszkozok\/\">Vehicle accessibility news<\/a><\/h2>\t\t<\/div>\n\t\t\t\t<\/div>\n\t\t\t\t<\/div>\n\t\t\t\t\t<\/div>\n\t\t\t\t<\/div>\n\t\t\t\t\t\t\t<\/div>","protected":false},"excerpt":{"rendered":"<p>AMF-Bruns j\u00e1rm\u0171 akad\u00e1lymentes\u00edt\u0151 eszk\u00f6z\u00f6k A n\u00e9met AMF-Bruns, a belga Dhollandia valamint a d\u00e1n Mobilex kiv\u00e1l\u00f3 term\u00e9keivel a h\u00e1tunk m\u00f6g\u00f6tt, komplett megold\u00e1sokat tudunk k\u00edn\u00e1lni kerekessz\u00e9kesek sz\u00e1ll\u00edt\u00e1s\u00e1hoz alkalmas j\u00e1rm\u0171vek \u00e1talak\u00edt\u00e1s\u00e1hoz. A term\u00e9kk\u00edn\u00e1latban megtal\u00e1lhat\u00f3k a mozg\u00e1skorl\u00e1tozott utasok biztons\u00e1gos \u00e9s minden vonatkoz\u00f3 el\u0151\u00edr\u00e1snak megfelel\u0151 4+3 pontos kerekessz\u00e9k \u00e9s utas r\u00f6gz\u00edt\u0151 rendszerek, felhajt\u00f3r\u00e1mp\u00e1k sz\u00e1mos kivitele, elektro-hidraulikus liftek \u00e9s emel\u0151 berendez\u00e9sek, &hellip;<\/p>\n<p class=\"read-more\"> <a class=\"\" href=\"https:\/\/liberatus.penoxmedia.com\/en\/jarmu-akadalymentesito-eszkozok\/\"> <span class=\"screen-reader-text\">AMF-Bruns Vehicle accessibility devices<\/span> Read More &raquo;<\/a><\/p>","protected":false},"author":1,"featured_media":0,"parent":0,"menu_order":0,"comment_status":"closed","ping_status":"closed","template":"","meta":{"site-sidebar-layout":"no-sidebar","site-content-layout":"","ast-site-content-layout":"full-width-container","site-content-style":"default","site-sidebar-style":"default","ast-global-header-display":"","ast-banner-title-visibility":"","ast-main-header-display":"","ast-hfb-above-header-display":"","ast-hfb-below-header-display":"","ast-hfb-mobile-header-display":"","site-post-title":"disabled","ast-breadcrumbs-content":"","ast-featured-img":"disabled","footer-sml-layout":"","theme-transparent-header-meta":"","adv-header-id-meta":"","stick-header-meta":"","header-above-stick-meta":"","header-main-stick-meta":"","header-below-stick-meta":"","astra-migrate-meta-layouts":"","footnotes":""},"class_list":["post-107","page","type-page","status-publish","hentry"],"_links":{"self":[{"href":"https:\/\/liberatus.penoxmedia.com\/en\/wp-json\/wp\/v2\/pages\/107","targetHints":{"allow":["GET"]}}],"collection":[{"href":"https:\/\/liberatus.penoxmedia.com\/en\/wp-json\/wp\/v2\/pages"}],"about":[{"href":"https:\/\/liberatus.penoxmedia.com\/en\/wp-json\/wp\/v2\/types\/page"}],"author":[{"embeddable":true,"href":"https:\/\/liberatus.penoxmedia.com\/en\/wp-json\/wp\/v2\/users\/1"}],"replies":[{"embeddable":true,"href":"https:\/\/liberatus.penoxmedia.com\/en\/wp-json\/wp\/v2\/comments?post=107"}],"version-history":[{"count":65,"href":"https:\/\/liberatus.penoxmedia.com\/en\/wp-json\/wp\/v2\/pages\/107\/revisions"}],"predecessor-version":[{"id":3767,"href":"https:\/\/liberatus.penoxmedia.com\/en\/wp-json\/wp\/v2\/pages\/107\/revisions\/3767"}],"wp:attachment":[{"href":"https:\/\/liberatus.penoxmedia.com\/en\/wp-json\/wp\/v2\/media?parent=107"}],"curies":[{"name":"wp","href":"https:\/\/api.w.org\/{rel}","templated":true}]}}